{"id":54,"date":"2016-07-20T21:57:28","date_gmt":"2016-07-20T19:57:28","guid":{"rendered":"http:\/\/www.prochazkova-zbrod.cz\/?page_id=54"},"modified":"2025-10-30T20:21:09","modified_gmt":"2025-10-30T19:21:09","slug":"sluzby","status":"publish","type":"page","link":"https:\/\/www.prochazkova-zbrod.cz\/?page_id=54","title":{"rendered":"Slu\u017eby"},"content":{"rendered":"<h5>Poskytujeme p\u00e9\u010di hrazenou ze zdravotn\u00edho poji\u0161t\u011bn\u00ed:<\/h5>\n<ul>\n<li>o\u0161et\u0159en\u00ed akutn\u00edch stav\u016f<\/li>\n<li>l\u00e9\u010dbu chronick\u00fdch onemocn\u011bn\u00ed a\u00a0dispenz\u00e1rn\u00ed p\u00e9\u010di<\/li>\n<li>komplexn\u00ed preventivn\u00ed prohl\u00eddky<\/li>\n<li>p\u0159edopera\u010dn\u00ed vy\u0161et\u0159en\u00ed<\/li>\n<li>kompletn\u00ed laboratorn\u00ed odb\u011bry<\/li>\n<li>pravideln\u00e9 o\u010dkov\u00e1n\u00ed<\/li>\n<li>vy\u0161et\u0159en\u00ed glyk\u00e9mie (hladina cukru v krvi)<\/li>\n<li>vy\u0161et\u0159en\u00ed\u00a0INR (sr\u00e1\u017elivost)<\/li>\n<li>vy\u0161et\u0159en\u00ed CRP (zan\u011btliv\u00fd parametr)<\/li>\n<li>vy\u0161et\u0159en\u00ed\u00a0okultn\u00edho krv\u00e1cen\u00ed ve stolici (preventivn\u00ed vy\u0161et\u0159en\u00ed karcinomu tlust\u00e9ho st\u0159eva)<\/li>\n<li>EKG vy\u0161et\u0159en\u00ed<\/li>\n<li>TK holter \/24 hod monitorace krevn\u00edho tlaku\/<\/li>\n<\/ul>\n<p><em>Samoz\u0159ejmost\u00ed je n\u00e1vaznost na slu\u017eby ambulantn\u00edch specialist\u016f a na nemocni\u010dn\u00ed p\u00e9\u010di v z\u00e1vislosti na typu a z\u00e1va\u017enosti onemocn\u011bn\u00ed.<\/em><\/p>\n<h5><strong>Nab\u00edz\u00edme p\u00e9\u010di nehrazenou zdravotn\u00edmi poji\u0161\u0165ovnami:<\/strong><\/h5>\n<ul>\n<li>v\u00fdpis z dokumentace a jin\u00e1 administrativa<\/li>\n<li>z\u00e1vodn\u00ed preventivn\u00ed p\u00e9\u010di ( v\u017edy je nutn\u00fd v\u00fdpis od registruj\u00edc\u00edho PL \u00a0a formul\u00e1\u0159 s \u00a0vypln\u011bnou \u00a0kategorizac\u00ed pr\u00e1ce \u00a0od zam\u011bstnavatele )<\/li>\n<li>vy\u0161et\u0159en\u00ed mimo zdravotn\u00ed indikaci \u2013 nap\u0159. p\u0159edopera\u010dn\u00ed vy\u0161et\u0159en\u00ed p\u0159ed plastickou operac\u00ed<\/li>\n<li>o\u010dkov\u00e1n\u00ed<\/li>\n<li>potvrzen\u00ed pro \u0159idi\u010dsk\u00fd pr\u016fkaz<\/li>\n<li>vystaven\u00ed potravin\u00e1\u0159sk\u00e9ho pr\u016fkazu<\/li>\n<li>potvrzen\u00ed o zdravotn\u00edm stavu ke studiu<\/li>\n<li>vy\u0161et\u0159en\u00ed pro \u017e\u00e1dost o zbrojn\u00ed pas<\/li>\n<\/ul>\n","protected":false},"excerpt":{"rendered":"<p>Poskytujeme p\u00e9\u010di hrazenou ze zdravotn\u00edho poji\u0161t\u011bn\u00ed: o\u0161et\u0159en\u00ed akutn\u00edch stav\u016f l\u00e9\u010dbu chronick\u00fdch onemocn\u011bn\u00ed a\u00a0dispenz\u00e1rn\u00ed p\u00e9\u010di komplexn\u00ed preventivn\u00ed prohl\u00eddky p\u0159edopera\u010dn\u00ed vy\u0161et\u0159en\u00ed kompletn\u00ed laboratorn\u00ed odb\u011bry pravideln\u00e9 o\u010dkov\u00e1n\u00ed vy\u0161et\u0159en\u00ed glyk\u00e9mie (hladina cukru v krvi) vy\u0161et\u0159en\u00ed\u00a0INR (sr\u00e1\u017elivost) vy\u0161et\u0159en\u00ed CRP (zan\u011btliv\u00fd parametr) vy\u0161et\u0159en\u00ed\u00a0okultn\u00edho krv\u00e1cen\u00ed ve stolici (preventivn\u00ed vy\u0161et\u0159en\u00ed karcinomu tlust\u00e9ho st\u0159eva) EKG vy\u0161et\u0159en\u00ed TK holter \/24 hod monitorace krevn\u00edho tlaku\/ Samoz\u0159ejmost\u00ed &hellip; <a href=\"https:\/\/www.prochazkova-zbrod.cz\/?page_id=54\" class=\"more-link\">Pokra\u010dov\u00e1n\u00ed textu <span class=\"screen-reader-text\">Slu\u017eby<\/span> <span class=\"meta-nav\">&rarr;<\/span><\/a><\/p>\n","protected":false},"author":1,"featured_media":0,"parent":0,"menu_order":3,"comment_status":"closed","ping_status":"closed","template":"","meta":[],"_links":{"self":[{"href":"https:\/\/www.prochazkova-zbrod.cz\/index.php?rest_route=\/wp\/v2\/pages\/54"}],"collection":[{"href":"https:\/\/www.prochazkova-zbrod.cz\/index.php?rest_route=\/wp\/v2\/pages"}],"about":[{"href":"https:\/\/www.prochazkova-zbrod.cz\/index.php?rest_route=\/wp\/v2\/types\/page"}],"author":[{"embeddable":true,"href":"https:\/\/www.prochazkova-zbrod.cz\/index.php?rest_route=\/wp\/v2\/users\/1"}],"replies":[{"embeddable":true,"href":"https:\/\/www.prochazkova-zbrod.cz\/index.php?rest_route=%2Fwp%2Fv2%2Fcomments&post=54"}],"version-history":[{"count":6,"href":"https:\/\/www.prochazkova-zbrod.cz\/index.php?rest_route=\/wp\/v2\/pages\/54\/revisions"}],"predecessor-version":[{"id":573,"href":"https:\/\/www.prochazkova-zbrod.cz\/index.php?rest_route=\/wp\/v2\/pages\/54\/revisions\/573"}],"wp:attachment":[{"href":"https:\/\/www.prochazkova-zbrod.cz\/index.php?rest_route=%2Fwp%2Fv2%2Fmedia&parent=54"}],"curies":[{"name":"wp","href":"https:\/\/api.w.org\/{rel}","templated":true}]}}