{"id":46,"date":"2016-07-20T21:11:09","date_gmt":"2016-07-20T19:11:09","guid":{"rendered":"http:\/\/www.prochazkova-zbrod.cz\/?page_id=46"},"modified":"2025-12-11T09:03:35","modified_gmt":"2025-12-11T08:03:35","slug":"ordinacni-hodiny","status":"publish","type":"page","link":"https:\/\/www.prochazkova-zbrod.cz\/?page_id=46","title":{"rendered":"Ordina\u010dn\u00ed hodiny"},"content":{"rendered":"<p>Na\u0161i ordinaci najdete na adrese Masarykova 486, \u017delezn\u00fd Brod.<\/p>\n<table>\n<tbody>\n<tr>\n<td>Po<\/td>\n<td>7.00 &#8211; 13.30<\/td>\n<td>MUDr. Proch\u00e1zkov\u00e1<\/td>\n<\/tr>\n<tr>\n<td><\/td>\n<td><\/td>\n<td><\/td>\n<\/tr>\n<tr>\n<td>\u00dat<\/td>\n<td>13.00 &#8211; 18.00<\/td>\n<td>MUDr. Proch\u00e1zkov\u00e1<\/td>\n<\/tr>\n<tr>\n<td><\/td>\n<td><\/td>\n<td><\/td>\n<\/tr>\n<tr>\n<td>St<\/td>\n<td>7.00- 12.30<\/td>\n<td>MUDr. Proch\u00e1zkov\u00e1<\/td>\n<\/tr>\n<tr>\n<td><\/td>\n<td><\/td>\n<td><\/td>\n<\/tr>\n<tr>\n<td>\u010ct<\/td>\n<td>13.00 &#8211; 18.00<\/td>\n<td>MUDr. Proch\u00e1zkov\u00e1<\/td>\n<\/tr>\n<tr>\n<td><\/td>\n<td>\u00a0dopoledne pouze objednan\u00ed diabetici<\/td>\n<td><\/td>\n<\/tr>\n<tr>\n<td>P\u00e1<\/td>\n<td>7.00 &#8211; 12.30<\/td>\n<td>MUDr. Proch\u00e1zkov\u00e1<\/td>\n<\/tr>\n<\/tbody>\n<\/table>\n<p>Na akutn\u011b nemocn\u00e9 \u00a0s vir\u00f3zami m\u00e1me vyhrazen\u00fd \u00a0\u010dasov\u00fd prostor \u00a01h \u00a0v\u017edy na po\u010d\u00e1tku ordinace . D\u00e1le ji\u017e pouze objednan\u00ed .<\/p>\n<p><strong><i>Odb\u011bry krve<\/i>: \u00a0po,st\u0159,p\u00e1 \u00a007.00 &#8211; 08.00 \u00a0nebo i v jin\u00fd \u010das b\u011bhem dopoledne \u00a0, \u00a0ale \u00a0po p\u0159edchoz\u00ed \u00a0dohod\u011b se sestrou Monikou Hlavovou.\u00a0<\/strong><\/p>\n<p>Objedn\u00e1vat \u00a0dlouhodob\u011b u\u017e\u00edvan\u00e9 \u00a0l\u00e9ky m\u016f\u017eete tak\u00e9 \u00a0nov\u011b p\u0159es mobiln\u00ed aplikaci Medevio- viz kontakty.<\/p>\n<p><strong>Objednat se k vy\u0161et\u0159en\u00ed m\u016f\u017eete b\u011bhem ordina\u010dn\u00edch hodin na telefonn\u00edm \u010d\u00edsle 483 389 270 nebo p\u0159es mobiln\u00ed aplikaci Medevio.\u00a0<\/strong><\/p>\n","protected":false},"excerpt":{"rendered":"<p>Na\u0161i ordinaci najdete na adrese Masarykova 486, \u017delezn\u00fd Brod. Po 7.00 &#8211; 13.30 MUDr. Proch\u00e1zkov\u00e1 \u00dat 13.00 &#8211; 18.00 MUDr. Proch\u00e1zkov\u00e1 St 7.00- 12.30 MUDr. Proch\u00e1zkov\u00e1 \u010ct 13.00 &#8211; 18.00 MUDr. Proch\u00e1zkov\u00e1 \u00a0dopoledne pouze objednan\u00ed diabetici P\u00e1 7.00 &#8211; 12.30 MUDr. Proch\u00e1zkov\u00e1 Na akutn\u011b nemocn\u00e9 \u00a0s vir\u00f3zami m\u00e1me vyhrazen\u00fd \u00a0\u010dasov\u00fd prostor \u00a01h \u00a0v\u017edy na po\u010d\u00e1tku &hellip; <a href=\"https:\/\/www.prochazkova-zbrod.cz\/?page_id=46\" class=\"more-link\">Pokra\u010dov\u00e1n\u00ed textu <span class=\"screen-reader-text\">Ordina\u010dn\u00ed hodiny<\/span> <span class=\"meta-nav\">&rarr;<\/span><\/a><\/p>\n","protected":false},"author":1,"featured_media":0,"parent":0,"menu_order":2,"comment_status":"closed","ping_status":"closed","template":"","meta":[],"_links":{"self":[{"href":"https:\/\/www.prochazkova-zbrod.cz\/index.php?rest_route=\/wp\/v2\/pages\/46"}],"collection":[{"href":"https:\/\/www.prochazkova-zbrod.cz\/index.php?rest_route=\/wp\/v2\/pages"}],"about":[{"href":"https:\/\/www.prochazkova-zbrod.cz\/index.php?rest_route=\/wp\/v2\/types\/page"}],"author":[{"embeddable":true,"href":"https:\/\/www.prochazkova-zbrod.cz\/index.php?rest_route=\/wp\/v2\/users\/1"}],"replies":[{"embeddable":true,"href":"https:\/\/www.prochazkova-zbrod.cz\/index.php?rest_route=%2Fwp%2Fv2%2Fcomments&post=46"}],"version-history":[{"count":30,"href":"https:\/\/www.prochazkova-zbrod.cz\/index.php?rest_route=\/wp\/v2\/pages\/46\/revisions"}],"predecessor-version":[{"id":718,"href":"https:\/\/www.prochazkova-zbrod.cz\/index.php?rest_route=\/wp\/v2\/pages\/46\/revisions\/718"}],"wp:attachment":[{"href":"https:\/\/www.prochazkova-zbrod.cz\/index.php?rest_route=%2Fwp%2Fv2%2Fmedia&parent=46"}],"curies":[{"name":"wp","href":"https:\/\/api.w.org\/{rel}","templated":true}]}}